{"id":1045,"date":"2018-12-03T17:21:23","date_gmt":"2018-12-03T17:21:23","guid":{"rendered":"http:\/\/www.dev.hiop.ie.graspway.com\/?page_id=1045"},"modified":"2019-06-04T11:43:53","modified_gmt":"2019-06-04T11:43:53","slug":"recover-password","status":"publish","type":"page","link":"https:\/\/www.mvp.omt.ie.graspway.com\/es\/recover-password","title":{"rendered":"Recuperar Contrase\u00f1a"},"content":{"rendered":"<div class=\"wpb-content-wrapper\"><p>[vc_row css_animation=\u00bb\u00bb row_type=\u00bbrow\u00bb use_row_as_full_screen_section=\u00bbno\u00bb type=\u00bbfull_width\u00bb angled_section=\u00bbno\u00bb text_align=\u00bbleft\u00bb background_image_as_pattern=\u00bbwithout_pattern\u00bb padding_top=\u00bb20&#8243; z_index=\u00bb\u00bb][vc_column][vc_column_text el_class=\u00bbtitle h-auto mb-5&#8243;]<\/p>\n<h1>Recuperar contrase\u00f1a<\/h1>\n<p>[\/vc_column_text]        \n<style>\n    .omt-bg-container {\n        width: 45%;\n        background-image: url('https:\/\/www.mvp.omt.ie.graspway.com\/wp-content\/themes\/gw-cup-ie\/assets\/img\/recoverpassword.jpg');\n        background-size:     cover;                      \n        background-repeat:   no-repeat;\n        background-position: center center;   \n    }\n\n    .omt-register-height {\n        min-height: 80vh;\n    }\n\n    header {\n      display: none !important;\n    }\n<\/style>\n\n<div class=\"container_profile flex w-full omt-register-height items-stretch\" >\n    <a id=\"back-button-panel-one\" href=\"\/login\" class=\"hidden md:block absolute bg-omt-light-blue text-xl p-6 text-white no-underline top-0 right-0 text-center hover:text-white z-10\">\n        <svg viewBox=\"0 0 24 24\" fill=\"none\" stroke=\"currentColor\" stroke-linecap=\"round\" stroke-linejoin=\"round\" width=\"48\" height=\"48\" stroke-width=\"1\"> <path d=\"M15 6l-6 6l6 6\"><\/path> <\/svg> \n    <\/a>\n\n    <div class=\"position absolute top-0 left-0 mt-24 md:mt-12 ml-12 w-2\/4\">\n        <img decoding=\"async\" data-src=\"https:\/\/www.mvp.omt.ie.graspway.com\/wp-content\/uploads\/2024\/05\/TOA_LOGO_MainBlue.png\" alt=\"LogoIE\" class=\"md:w-56 lazyload\" src=\"data:image\/gif;base64,R0lGODlhAQABAAAAACH5BAEKAAEALAAAAAABAAEAAAICTAEAOw==\" style=\"--smush-placeholder-width: 3023px; --smush-placeholder-aspect-ratio: 3023\/1142;\">\n    <\/div>\n    <!-- Izda -->\n    <div class=\"omt-bg-container hidden lg:block\">\n        <div class=\"flex flex-col-reverse h-full justify-between\" >\n        <\/div>\n    <\/div>\n\n    <!-- Der -->\n    <div class=\"mr-10 lg:mr-0 ml-10 relative text-center lg:text-left pt-32 lg:pt-0 omt-w-55\">\n        <!-- logo and progress bar -->\n        <div class=\"h-full flex flex-col justify-between px-24 pb-12\">\n            <form action=\"#\" id=\"forgot_password\">\n                <div>\n                    <h4 class=\"font-bold pt-24 text-omt-black font-monserrat text-4xl hidden lg:block title-register\" style=\"text-wrap: pretty;\"> Recuperar la contrase\u00f1a <\/h4>\n                    <p class=\"my-12 lg:my-4 font-thin text-3xl lg:text-lg\">\n                        Introduce la direcci\u00f3n de correo electr\u00f3nico que utilizaste al registrarte y te enviaremos instrucciones para restablecer tu contrase\u00f1a.                    <\/p>\n                    <p class=\"my-4 font-thin mb-8 text-3xl lg:text-lg\">\n                        Por razones de seguridad, NO almacenamos tu contrase\u00f1a, por lo que nunca te la enviaremos por correo electr\u00f3nico.                    <\/p>\n                    <div class=\"flex flex-col text-left mt-32 lg:mt-0\">\n                        <span class=\"font-semibold text-omt-grey font-monserrat text-md pl-8 pb-2 md:text-xs md:mt-5 md:mb-2\"> Correo electr\u00f3nico * <\/span>\n                        <input id=\"recover_email\" placeholder=\"Introduce aqu\u00ed tu correo electr\u00f3nico\" type=\"email\" name=\"recover_email\" class=\"text-base px-8 py-4 lg:p-4 text-grey-dark w-full rounded-full bg-omt-light-grey\" value=\"\" required>\n                        <div id=\"form_feedback\"><\/div>\n                    <\/div>\n                <\/div>\n                <div class=\"w-full flex mt-4\">\n                    <button id=\"recover_password\" type=\"submit\" form=\"forgot_password\" value=\"Submit\" class=\"w-full flex flex-row-reverse text-center text-white bg-omt-blue mt-4 rounded-full py-4 justify-center\">\n                        Restablecer la contrase\u00f1a                    <\/button>\n                <\/div>\n            <\/form>\n        <\/div>  \n    <\/div>\n\n<\/div>\n\n\n\n[\/vc_column][\/vc_row]<\/p>\n<\/div>","protected":false},"excerpt":{"rendered":"<p>[vc_row css_animation=\u00bb\u00bb row_type=\u00bbrow\u00bb use_row_as_full_screen_section=\u00bbno\u00bb type=\u00bbfull_width\u00bb angled_section=\u00bbno\u00bb text_align=\u00bbleft\u00bb background_image_as_pattern=\u00bbwithout_pattern\u00bb padding_top=\u00bb20&#8243; z_index=\u00bb\u00bb][vc_column][vc_column_text el_class=\u00bbtitle h-auto mb-5&#8243;] Recuperar contrase\u00f1a [\/vc_column_text][\/vc_column][\/vc_row]<\/p>\n","protected":false},"author":2,"featured_media":0,"parent":0,"menu_order":0,"comment_status":"closed","ping_status":"closed","template":"","meta":{"_acf_changed":false,"footnotes":""},"class_list":["post-1045","page","type-page","status-publish","hentry"],"acf":[],"yoast_head":"<!-- This site is optimized with the Yoast SEO plugin v24.7 - https:\/\/yoast.com\/wordpress\/plugins\/seo\/ -->\n<title>Recuperar Contrase\u00f1a - TOA<\/title>\n<meta name=\"robots\" content=\"noindex, follow, max-snippet:-1, max-image-preview:large, max-video-preview:-1\" \/>\n<meta property=\"og:locale\" content=\"es_ES\" \/>\n<meta property=\"og:type\" content=\"article\" \/>\n<meta property=\"og:title\" content=\"Recuperar Contrase\u00f1a - TOA\" \/>\n<meta property=\"og:description\" content=\"[vc_row css_animation=\u00bb\u00bb row_type=\u00bbrow\u00bb use_row_as_full_screen_section=\u00bbno\u00bb type=\u00bbfull_width\u00bb angled_section=\u00bbno\u00bb text_align=\u00bbleft\u00bb background_image_as_pattern=\u00bbwithout_pattern\u00bb padding_top=\u00bb20&#8243; z_index=\u00bb\u00bb][vc_column][vc_column_text el_class=\u00bbtitle h-auto mb-5&#8243;] Recuperar contrase\u00f1a [\/vc_column_text][\/vc_column][\/vc_row]\" \/>\n<meta property=\"og:url\" content=\"https:\/\/www.mvp.omt.ie.graspway.com\/recover-password\" \/>\n<meta property=\"og:site_name\" content=\"TOA\" \/>\n<meta property=\"article:modified_time\" content=\"2019-06-04T11:43:53+00:00\" \/>\n<meta name=\"twitter:card\" content=\"summary_large_image\" \/>\n<script type=\"application\/ld+json\" class=\"yoast-schema-graph\">{\"@context\":\"https:\/\/schema.org\",\"@graph\":[{\"@type\":\"WebPage\",\"@id\":\"https:\/\/www.mvp.omt.ie.graspway.com\/recover-password\",\"url\":\"https:\/\/www.mvp.omt.ie.graspway.com\/recover-password\",\"name\":\"Recuperar Contrase\u00f1a - TOA\",\"isPartOf\":{\"@id\":\"https:\/\/www.mvp.omt.ie.graspway.com\/#website\"},\"datePublished\":\"2018-12-03T17:21:23+00:00\",\"dateModified\":\"2019-06-04T11:43:53+00:00\",\"breadcrumb\":{\"@id\":\"https:\/\/www.mvp.omt.ie.graspway.com\/recover-password#breadcrumb\"},\"inLanguage\":\"es\",\"potentialAction\":[{\"@type\":\"ReadAction\",\"target\":[\"https:\/\/www.mvp.omt.ie.graspway.com\/recover-password\"]}]},{\"@type\":\"BreadcrumbList\",\"@id\":\"https:\/\/www.mvp.omt.ie.graspway.com\/recover-password#breadcrumb\",\"itemListElement\":[{\"@type\":\"ListItem\",\"position\":1,\"name\":\"Home\",\"item\":\"https:\/\/www.mvp.omt.ie.graspway.com\/es\"},{\"@type\":\"ListItem\",\"position\":2,\"name\":\"Recuperar Contrase\u00f1a\"}]},{\"@type\":\"WebSite\",\"@id\":\"https:\/\/www.mvp.omt.ie.graspway.com\/#website\",\"url\":\"https:\/\/www.mvp.omt.ie.graspway.com\/\",\"name\":\"TOA\",\"description\":\"Tourism Online Academy\",\"potentialAction\":[{\"@type\":\"SearchAction\",\"target\":{\"@type\":\"EntryPoint\",\"urlTemplate\":\"https:\/\/www.mvp.omt.ie.graspway.com\/?s={search_term_string}\"},\"query-input\":{\"@type\":\"PropertyValueSpecification\",\"valueRequired\":true,\"valueName\":\"search_term_string\"}}],\"inLanguage\":\"es\"}]}<\/script>\n<!-- \/ Yoast SEO plugin. -->","yoast_head_json":{"title":"Recuperar Contrase\u00f1a - TOA","robots":{"index":"noindex","follow":"follow","max-snippet":"max-snippet:-1","max-image-preview":"max-image-preview:large","max-video-preview":"max-video-preview:-1"},"og_locale":"es_ES","og_type":"article","og_title":"Recuperar Contrase\u00f1a - TOA","og_description":"[vc_row css_animation=\u00bb\u00bb row_type=\u00bbrow\u00bb use_row_as_full_screen_section=\u00bbno\u00bb type=\u00bbfull_width\u00bb angled_section=\u00bbno\u00bb text_align=\u00bbleft\u00bb background_image_as_pattern=\u00bbwithout_pattern\u00bb padding_top=\u00bb20&#8243; z_index=\u00bb\u00bb][vc_column][vc_column_text el_class=\u00bbtitle h-auto mb-5&#8243;] Recuperar contrase\u00f1a [\/vc_column_text][\/vc_column][\/vc_row]","og_url":"https:\/\/www.mvp.omt.ie.graspway.com\/recover-password","og_site_name":"TOA","article_modified_time":"2019-06-04T11:43:53+00:00","twitter_card":"summary_large_image","schema":{"@context":"https:\/\/schema.org","@graph":[{"@type":"WebPage","@id":"https:\/\/www.mvp.omt.ie.graspway.com\/recover-password","url":"https:\/\/www.mvp.omt.ie.graspway.com\/recover-password","name":"Recuperar Contrase\u00f1a - TOA","isPartOf":{"@id":"https:\/\/www.mvp.omt.ie.graspway.com\/#website"},"datePublished":"2018-12-03T17:21:23+00:00","dateModified":"2019-06-04T11:43:53+00:00","breadcrumb":{"@id":"https:\/\/www.mvp.omt.ie.graspway.com\/recover-password#breadcrumb"},"inLanguage":"es","potentialAction":[{"@type":"ReadAction","target":["https:\/\/www.mvp.omt.ie.graspway.com\/recover-password"]}]},{"@type":"BreadcrumbList","@id":"https:\/\/www.mvp.omt.ie.graspway.com\/recover-password#breadcrumb","itemListElement":[{"@type":"ListItem","position":1,"name":"Home","item":"https:\/\/www.mvp.omt.ie.graspway.com\/es"},{"@type":"ListItem","position":2,"name":"Recuperar Contrase\u00f1a"}]},{"@type":"WebSite","@id":"https:\/\/www.mvp.omt.ie.graspway.com\/#website","url":"https:\/\/www.mvp.omt.ie.graspway.com\/","name":"TOA","description":"Tourism Online Academy","potentialAction":[{"@type":"SearchAction","target":{"@type":"EntryPoint","urlTemplate":"https:\/\/www.mvp.omt.ie.graspway.com\/?s={search_term_string}"},"query-input":{"@type":"PropertyValueSpecification","valueRequired":true,"valueName":"search_term_string"}}],"inLanguage":"es"}]}},"_links":{"self":[{"href":"https:\/\/www.mvp.omt.ie.graspway.com\/es\/wp-json\/wp\/v2\/pages\/1045","targetHints":{"allow":["GET"]}}],"collection":[{"href":"https:\/\/www.mvp.omt.ie.graspway.com\/es\/wp-json\/wp\/v2\/pages"}],"about":[{"href":"https:\/\/www.mvp.omt.ie.graspway.com\/es\/wp-json\/wp\/v2\/types\/page"}],"author":[{"embeddable":true,"href":"https:\/\/www.mvp.omt.ie.graspway.com\/es\/wp-json\/wp\/v2\/users\/2"}],"replies":[{"embeddable":true,"href":"https:\/\/www.mvp.omt.ie.graspway.com\/es\/wp-json\/wp\/v2\/comments?post=1045"}],"version-history":[{"count":4,"href":"https:\/\/www.mvp.omt.ie.graspway.com\/es\/wp-json\/wp\/v2\/pages\/1045\/revisions"}],"predecessor-version":[{"id":1205,"href":"https:\/\/www.mvp.omt.ie.graspway.com\/es\/wp-json\/wp\/v2\/pages\/1045\/revisions\/1205"}],"wp:attachment":[{"href":"https:\/\/www.mvp.omt.ie.graspway.com\/es\/wp-json\/wp\/v2\/media?parent=1045"}],"curies":[{"name":"wp","href":"https:\/\/api.w.org\/{rel}","templated":true}]}}