{"id":1216,"date":"2019-06-05T10:10:12","date_gmt":"2019-06-05T10:10:12","guid":{"rendered":"https:\/\/www.dev.omt.ie.graspway.com\/carrito"},"modified":"2021-08-09T08:28:55","modified_gmt":"2021-08-09T08:28:55","slug":"cart","status":"publish","type":"page","link":"https:\/\/www.mvp.omt.ie.graspway.com\/es\/cart","title":{"rendered":"Carrito"},"content":{"rendered":"<div class=\"woocommerce\">\n            <div class=\"mt-20\"><\/div>\n\n        \n    <!-- Contenido -->\n    <div class=\"flex flex-col items-center mt-10 font-monserrat\">\n        <!-- Icono de cesta -->\n        <div>\n            <svg xmlns=\"http:\/\/www.w3.org\/2000\/svg\" viewBox=\"0 0 24 24\" fill=\"none\" stroke=\"#00B1FF\" stroke-linecap=\"round\" stroke-linejoin=\"round\" width=\"150\" height=\"150\" stroke-width=\"1\">\n                <path d=\"M6.331 8h11.339a2 2 0 0 1 1.977 2.304l-1.255 8.152a3 3 0 0 1 -2.966 2.544h-6.852a3 3 0 0 1 -2.965 -2.544l-1.255 -8.152a2 2 0 0 1 1.977 -2.304z\"><\/path>\n                <path d=\"M9 11v-5a3 3 0 0 1 6 0v5\"><\/path>\n            <\/svg>\n        <\/div>\n\n        <div class=\"mx-10\">\n            <p class=\"mt-11 text-center font-bold text-[20px] lg:text-[28px] font-monserrat\">\n                \u00a1Parece que tu carrito est\u00e1 vac\u00edo!            <\/p>\n        <\/div>\n\n        <div>\n            <p class=\"mt-11 text-center px-6 text-[16px] lg:text-[21px]font-monserrat\" style=\"font-weight: 400 !important;\">\n                Explora nuestros cursos y a\u00f1ade el que m\u00e1s te guste a tu carrito            <\/p>\n        <\/div>\n\n        <!-- Bot\u00f3n de regreso -->\n        <a href=\"https:\/\/www.mvp.omt.ie.graspway.com\/es\/shop\" class=\"mt-14 mb-44  bg-omt-blue text-white px-8 py-4 rounded-full text-center uppercase text-xs font-light font-monserrat\" style=\"color: white !important; font-weight: 400 !important;\">\n            Volver a la tienda        <\/a>\n    <\/div>\n\n<\/div>","protected":false},"excerpt":{"rendered":"\u00a1Parece que tu carrito est\u00e1 vac\u00edo! Explora nuestros cursos y a\u00f1ade el que m\u00e1s te guste a tu carrito Volver a la tienda","protected":false},"author":2,"featured_media":0,"parent":0,"menu_order":0,"comment_status":"closed","ping_status":"closed","template":"","meta":{"_acf_changed":false,"footnotes":""},"class_list":["post-1216","page","type-page","status-publish","hentry"],"acf":[],"yoast_head":"<!-- This site is optimized with the Yoast SEO plugin v24.7 - https:\/\/yoast.com\/wordpress\/plugins\/seo\/ -->\n<title>Carrito - TOA<\/title>\n<meta name=\"robots\" content=\"noindex, follow, max-snippet:-1, max-image-preview:large, max-video-preview:-1\" \/>\n<meta property=\"og:locale\" content=\"es_ES\" \/>\n<meta property=\"og:type\" content=\"article\" \/>\n<meta property=\"og:title\" content=\"Carrito - TOA\" \/>\n<meta property=\"og:url\" content=\"https:\/\/www.mvp.omt.ie.graspway.com\/cart\" \/>\n<meta property=\"og:site_name\" content=\"TOA\" \/>\n<meta property=\"article:modified_time\" content=\"2021-08-09T08:28:55+00:00\" \/>\n<meta name=\"twitter:card\" content=\"summary_large_image\" \/>\n<script type=\"application\/ld+json\" class=\"yoast-schema-graph\">{\"@context\":\"https:\/\/schema.org\",\"@graph\":[{\"@type\":\"WebPage\",\"@id\":\"https:\/\/www.mvp.omt.ie.graspway.com\/cart\",\"url\":\"https:\/\/www.mvp.omt.ie.graspway.com\/cart\",\"name\":\"Carrito - TOA\",\"isPartOf\":{\"@id\":\"https:\/\/www.mvp.omt.ie.graspway.com\/#website\"},\"datePublished\":\"2019-06-05T10:10:12+00:00\",\"dateModified\":\"2021-08-09T08:28:55+00:00\",\"breadcrumb\":{\"@id\":\"https:\/\/www.mvp.omt.ie.graspway.com\/cart#breadcrumb\"},\"inLanguage\":\"es\",\"potentialAction\":[{\"@type\":\"ReadAction\",\"target\":[\"https:\/\/www.mvp.omt.ie.graspway.com\/cart\"]}]},{\"@type\":\"BreadcrumbList\",\"@id\":\"https:\/\/www.mvp.omt.ie.graspway.com\/cart#breadcrumb\",\"itemListElement\":[{\"@type\":\"ListItem\",\"position\":1,\"name\":\"Home\",\"item\":\"https:\/\/www.mvp.omt.ie.graspway.com\/es\"},{\"@type\":\"ListItem\",\"position\":2,\"name\":\"Carrito\"}]},{\"@type\":\"WebSite\",\"@id\":\"https:\/\/www.mvp.omt.ie.graspway.com\/#website\",\"url\":\"https:\/\/www.mvp.omt.ie.graspway.com\/\",\"name\":\"TOA\",\"description\":\"Tourism Online Academy\",\"potentialAction\":[{\"@type\":\"SearchAction\",\"target\":{\"@type\":\"EntryPoint\",\"urlTemplate\":\"https:\/\/www.mvp.omt.ie.graspway.com\/?s={search_term_string}\"},\"query-input\":{\"@type\":\"PropertyValueSpecification\",\"valueRequired\":true,\"valueName\":\"search_term_string\"}}],\"inLanguage\":\"es\"}]}<\/script>\n<!-- \/ Yoast SEO plugin. -->","yoast_head_json":{"title":"Carrito - TOA","robots":{"index":"noindex","follow":"follow","max-snippet":"max-snippet:-1","max-image-preview":"max-image-preview:large","max-video-preview":"max-video-preview:-1"},"og_locale":"es_ES","og_type":"article","og_title":"Carrito - TOA","og_url":"https:\/\/www.mvp.omt.ie.graspway.com\/cart","og_site_name":"TOA","article_modified_time":"2021-08-09T08:28:55+00:00","twitter_card":"summary_large_image","schema":{"@context":"https:\/\/schema.org","@graph":[{"@type":"WebPage","@id":"https:\/\/www.mvp.omt.ie.graspway.com\/cart","url":"https:\/\/www.mvp.omt.ie.graspway.com\/cart","name":"Carrito - TOA","isPartOf":{"@id":"https:\/\/www.mvp.omt.ie.graspway.com\/#website"},"datePublished":"2019-06-05T10:10:12+00:00","dateModified":"2021-08-09T08:28:55+00:00","breadcrumb":{"@id":"https:\/\/www.mvp.omt.ie.graspway.com\/cart#breadcrumb"},"inLanguage":"es","potentialAction":[{"@type":"ReadAction","target":["https:\/\/www.mvp.omt.ie.graspway.com\/cart"]}]},{"@type":"BreadcrumbList","@id":"https:\/\/www.mvp.omt.ie.graspway.com\/cart#breadcrumb","itemListElement":[{"@type":"ListItem","position":1,"name":"Home","item":"https:\/\/www.mvp.omt.ie.graspway.com\/es"},{"@type":"ListItem","position":2,"name":"Carrito"}]},{"@type":"WebSite","@id":"https:\/\/www.mvp.omt.ie.graspway.com\/#website","url":"https:\/\/www.mvp.omt.ie.graspway.com\/","name":"TOA","description":"Tourism Online Academy","potentialAction":[{"@type":"SearchAction","target":{"@type":"EntryPoint","urlTemplate":"https:\/\/www.mvp.omt.ie.graspway.com\/?s={search_term_string}"},"query-input":{"@type":"PropertyValueSpecification","valueRequired":true,"valueName":"search_term_string"}}],"inLanguage":"es"}]}},"_links":{"self":[{"href":"https:\/\/www.mvp.omt.ie.graspway.com\/es\/wp-json\/wp\/v2\/pages\/1216","targetHints":{"allow":["GET"]}}],"collection":[{"href":"https:\/\/www.mvp.omt.ie.graspway.com\/es\/wp-json\/wp\/v2\/pages"}],"about":[{"href":"https:\/\/www.mvp.omt.ie.graspway.com\/es\/wp-json\/wp\/v2\/types\/page"}],"author":[{"embeddable":true,"href":"https:\/\/www.mvp.omt.ie.graspway.com\/es\/wp-json\/wp\/v2\/users\/2"}],"replies":[{"embeddable":true,"href":"https:\/\/www.mvp.omt.ie.graspway.com\/es\/wp-json\/wp\/v2\/comments?post=1216"}],"version-history":[{"count":1,"href":"https:\/\/www.mvp.omt.ie.graspway.com\/es\/wp-json\/wp\/v2\/pages\/1216\/revisions"}],"predecessor-version":[{"id":1286,"href":"https:\/\/www.mvp.omt.ie.graspway.com\/es\/wp-json\/wp\/v2\/pages\/1216\/revisions\/1286"}],"wp:attachment":[{"href":"https:\/\/www.mvp.omt.ie.graspway.com\/es\/wp-json\/wp\/v2\/media?parent=1216"}],"curies":[{"name":"wp","href":"https:\/\/api.w.org\/{rel}","templated":true}]}}