{"id":86845,"date":"2018-06-29T07:33:09","date_gmt":"2018-06-29T07:33:09","guid":{"rendered":"https:\/\/www.mvp.omt.ie.graspway.com\/post-register"},"modified":"2024-09-27T16:38:26","modified_gmt":"2024-09-27T16:38:26","slug":"post-register","status":"publish","type":"page","link":"https:\/\/www.mvp.omt.ie.graspway.com\/fr\/post-register","title":{"rendered":"Post Register"},"content":{"rendered":"<div class=\"wpb-content-wrapper\"><p>[vc_row css_animation=\u00a0\u00bb\u00a0\u00bb row_type=\u00a0\u00bbrow\u00a0\u00bb use_row_as_full_screen_section=\u00a0\u00bbno\u00a0\u00bb type=\u00a0\u00bbfull_width\u00a0\u00bb angled_section=\u00a0\u00bbno\u00a0\u00bb text_align=\u00a0\u00bbcenter\u00a0\u00bb background_image_as_pattern=\u00a0\u00bbwithout_pattern\u00a0\u00bb z_index=\u00a0\u00bb\u00a0\u00bb css=\u00a0\u00bb.vc_custom_1713970284359{margin-top: 150px !important;margin-bottom: 50px !important;}\u00a0\u00bb el_class=\u00a0\u00bbomt-postregister-page\u00a0\u00bb][vc_column][vc_row_inner row_type=\u00a0\u00bbrow\u00a0\u00bb type=\u00a0\u00bbfull_width\u00a0\u00bb text_align=\u00a0\u00bbleft\u00a0\u00bb css_animation=\u00a0\u00bb\u00a0\u00bb][vc_column_inner el_class=\u00a0\u00bbomt-postregister-page-leftcolumn\u00a0\u00bb width=\u00a0\u00bb1\/2&Prime;][vc_column_text css=\u00a0\u00bb\u00a0\u00bb el_class=\u00a0\u00bbomt-postregister-page-title\u00a0\u00bb]<span data-sheets-root=\"1\">Bienvenue \u00e0 la Tourism Online Academy !<\/span>[\/vc_column_text][vc_single_image image=\u00a0\u00bb85862&Prime; img_size=\u00a0\u00bbfull\u00a0\u00bb qode_css_animation=\u00a0\u00bb\u00a0\u00bb el_class=\u00a0\u00bbomt-postregister-page-img\u00a0\u00bb][\/vc_column_inner][vc_column_inner el_class=\u00a0\u00bbomt-postregister-page-rightcolumn\u00a0\u00bb width=\u00a0\u00bb1\/2&Prime;][vc_raw_html css=\u00a0\u00bb\u00a0\u00bb el_class=\u00a0\u00bbomt-postregister-page-logo\u00a0\u00bb]JTNDZGl2JTIwY2xhc3MlM0QlMjJqdXN0aWZ5LWVuZCUyMG9tdC1sb2dvLWltZyUyMiUzRSUwQSUyMCUyMCUyMCUyMCUyMCUyMCUyMCUyMCUyMCUyMCUyMCUyMCUyMCUyMCUyMCUyMCUyMCUyMCUyMCUyMCUzQ2ltZyUyMHNyYyUzRCUyMiUyRmd3YyUyRnN0YXRpYyUyRmltZyUyRmxvZ29JRS5wbmclMjIlMjBhbHQlM0QlMjJMb2dvSUUlMjIlMjBjbGFzcyUzRCUyMnBvc2l0aW9uLXJlZ2lzdGVyLWxvZ28taWUlMjIlM0UlMEElMjAlMjAlMjAlMjAlMjAlMjAlMjAlMjAlMjAlMjAlMjAlMjAlMjAlMjAlMjAlMjAlM0MlMkZkaXYlM0UlMEElMjAlMjAlMjAlMjAlMjAlMjAlMjAlMjAlMjAlMjAlMjAlMjAlMjAlMjAlMjAlMjAlM0NkaXYlMjBjbGFzcyUzRCUyMm9tdC1wcm9ncmVzcy13cmFwcGVyJTIwanVzdGlmeS1zdGFydCUyMiUzRSUwQSUyMCUyMCUyMCUyMCUyMCUyMCUyMCUyMCUyMCUyMCUyMCUyMCUyMCUyMCUyMCUyMCUyMCUyMCUyMCUyMCUzQ2RpdiUyMGNsYXNzJTNEJTIycHJvZ3Jlc3MlMjB0ZXh0LWNlbnRlciUyMiUzRSUwQSUyMCUyMCUyMCUyMCUyMCUyMCUyMCUyMCUyMCUyMCUyMCUyMCUyMCUyMCUyMCUyMCUyMCUyMCUyMCUyMCUyMCUyMCUyMCUyMCUzQ2RpdiUyMGNsYXNzJTNEJTIyZmxleCUyMGl0ZW1zLWNlbnRlciUyMGp1c3RpZnktY2VudGVyJTIwcHJvZ3Jlc3MtYmFyJTIwdGl0bGUtaWUlMjB3LWZ1bGwlMjIlM0UlMEElMjAlMjAlMjAlMjAlMjAlMjAlMjAlMjAlMjAlMjAlMjAlMjAlMjAlMjAlMjAlMjAlMjAlMjAlMjAlMjAlMjAlMjAlMjAlMjAlMjAlMjAlMjAlMjAlM0NzcGFuJTIwY2xhc3MlM0QlMjJmb250LWJvbGQlMjBweC0yJTIwdGV4dC14cyUyMiUzRTEwMCUyNSUzQyUyRnNwYW4lM0UlMEElMjAlMjAlMjAlMjAlMjAlMjAlMjAlMjAlMjAlMjAlMjAlMjAlMjAlMjAlMjAlMjAlMjAlMjAlMjAlMjAlMjAlMjAlMjAlMjAlM0MlMkZkaXYlM0UlMEElMjAlMjAlMjAlMjAlMjAlMjAlMjAlMjAlMjAlMjAlMjAlMjAlMjAlMjAlMjAlMjAlMjAlMjAlMjAlMjAlM0MlMkZkaXYlM0UlMEElMjAlMjAlMjAlMjAlMjAlMjAlMjAlMjAlMjAlMjAlMjAlMjAlMjAlMjAlMjAlMjAlM0MlMkZkaXYlM0U=[\/vc_raw_html][vc_column_text css=\u00a0\u00bb\u00a0\u00bb el_class=\u00a0\u00bbomt-postregister-page-maintitle\u00a0\u00bb]Nouvel utilisateur[\/vc_column_text][vc_single_image image=\u00a0\u00bb85841&Prime; img_size=\u00a0\u00bbfull\u00a0\u00bb alignment=\u00a0\u00bbcenter\u00a0\u00bb qode_css_animation=\u00a0\u00bb\u00a0\u00bb el_class=\u00a0\u00bbomt-postregister-page-userimg\u00a0\u00bb][vc_column_text el_class=\u00a0\u00bbomt-simple-page-mobile-text\u00a0\u00bb]Please check your email for instructions to enroll on this course.<\/p>\n<p>Don&rsquo;t forget to check your span folder![\/vc_column_text][vc_column_text css=\u00a0\u00bb\u00a0\u00bb el_class=\u00a0\u00bbomt-postregister-page-maintext-title\u00a0\u00bb]<span data-sheets-root=\"1\">Veuillez passer en revue les points suivants pour b\u00e9n\u00e9ficier d\u2019une exp\u00e9rience optimale.<\/span>[\/vc_column_text][vc_column_text css=\u00a0\u00bb\u00a0\u00bb el_class=\u00a0\u00bbomt-postregister-page-maintext\u00a0\u00bb]<\/p>\n<ol>\n<li><span data-sheets-root=\"1\">Dans quelques secondes, vous recevrez un e-mail contenant un lien pour activer votre compte. Si vous ne le voyez pas dans votre bo\u00eete de r\u00e9ception, pensez \u00e0 v\u00e9rifier votre dossier de spam.<\/span><\/li>\n<li><span data-sheets-root=\"1\">Une fois votre compte activ\u00e9, connectez-vous \u00e0 la plateforme avec votre adresse e-mail et votre mot de passe.<\/span><\/li>\n<li><span data-sheets-root=\"1\">Une fois sur votre compte, vous pourrez d\u00e9marrer votre formation.<\/span><\/li>\n<\/ol>\n<p>[\/vc_column_text][vc_raw_html css=\u00a0\u00bb\u00a0\u00bb el_class=\u00a0\u00bbomt-postregister-page-button\u00a0\u00bb]JTNDZGl2JTIwY2xhc3MlM0QlMjJ3LWZ1bGwlMjBmbGV4JTIwZmxleC1yb3ctcmV2ZXJzZSUyMiUzRSUwQSUyMCUyMCUyMCUyMCUyMCUyMCUyMCUyMCUyMCUyMCUyMCUyMCUyMCUyMCUyMCUyMCUzQ2ElMjBjbGFzcyUzRCUyMm9tdC1idXR0b24tZW5kJTIwbXgtYXV0byUyMG1iLTQlMjBweC0zJTIwcHktMiUyMGZvbnQtYm9sZCUyMHNtJTNBZm9udC1ub3JtYWwlMjB0ZXh0LWJhc2UlMjB0ZXh0LXdoaXRlJTIwdy00OCUyMHNtJTNBbXItMTIlMjIlMjBocmVmJTNEJTIyJTJGZnIlMkZjb3Vyc2UtY2F0YWxvZyUyMiUzRSUwQSUyMCUyMCUyMCUyMCUyMCUyMCUyMCUyMCUyMCUyMCUyMCUyMCUyMCUyMCUyMCUyMCUyMCUyMCUyMCUyMEFsbGVyJTIwJUMzJUEwJTIwdG91cyUyMGxlcyUyMGNvdXJzJTBBJTIwJTIwJTIwJTIwJTIwJTIwJTIwJTIwJTIwJTIwJTIwJTIwJTIwJTIwJTIwJTIwJTNDJTJGYSUzRSUwQSUyMCUyMCUyMCUyMCUyMCUyMCUyMCUyMCUyMCUyMCUyMCUyMCUzQyUyRmRpdiUzRQ==[\/vc_raw_html][\/vc_column_inner][\/vc_row_inner][\/vc_column][\/vc_row]<\/p>\n<\/div>","protected":false},"excerpt":{"rendered":"<p>[vc_row css_animation=\u00a0\u00bb\u00a0\u00bb row_type=\u00a0\u00bbrow\u00a0\u00bb use_row_as_full_screen_section=\u00a0\u00bbno\u00a0\u00bb type=\u00a0\u00bbfull_width\u00a0\u00bb angled_section=\u00a0\u00bbno\u00a0\u00bb text_align=\u00a0\u00bbcenter\u00a0\u00bb background_image_as_pattern=\u00a0\u00bbwithout_pattern\u00a0\u00bb z_index=\u00a0\u00bb\u00a0\u00bb css=\u00a0\u00bb.vc_custom_1713970284359{margin-top: 150px !important;margin-bottom: 50px !important;}\u00a0\u00bb el_class=\u00a0\u00bbomt-postregister-page\u00a0\u00bb][vc_column][vc_row_inner row_type=\u00a0\u00bbrow\u00a0\u00bb type=\u00a0\u00bbfull_width\u00a0\u00bb text_align=\u00a0\u00bbleft\u00a0\u00bb css_animation=\u00a0\u00bb\u00a0\u00bb][vc_column_inner el_class=\u00a0\u00bbomt-postregister-page-leftcolumn\u00a0\u00bb width=\u00a0\u00bb1\/2&Prime;][vc_column_text css=\u00a0\u00bb\u00a0\u00bb el_class=\u00a0\u00bbomt-postregister-page-title\u00a0\u00bb]Bienvenue \u00e0 la Tourism Online Academy ![\/vc_column_text][vc_single_image image=\u00a0\u00bb85862&Prime; img_size=\u00a0\u00bbfull\u00a0\u00bb qode_css_animation=\u00a0\u00bb\u00a0\u00bb el_class=\u00a0\u00bbomt-postregister-page-img\u00a0\u00bb][\/vc_column_inner][vc_column_inner el_class=\u00a0\u00bbomt-postregister-page-rightcolumn\u00a0\u00bb width=\u00a0\u00bb1\/2&Prime;][vc_raw_html css=\u00a0\u00bb\u00a0\u00bb el_class=\u00a0\u00bbomt-postregister-page-logo\u00a0\u00bb]JTNDZGl2JTIwY2xhc3MlM0QlMjJqdXN0aWZ5LWVuZCUyMG9tdC1sb2dvLWltZyUyMiUzRSUwQSUyMCUyMCUyMCUyMCUyMCUyMCUyMCUyMCUyMCUyMCUyMCUyMCUyMCUyMCUyMCUyMCUyMCUyMCUyMCUyMCUzQ2ltZyUyMHNyYyUzRCUyMiUyRmd3YyUyRnN0YXRpYyUyRmltZyUyRmxvZ29JRS5wbmclMjIlMjBhbHQlM0QlMjJMb2dvSUUlMjIlMjBjbGFzcyUzRCUyMnBvc2l0aW9uLXJlZ2lzdGVyLWxvZ28taWUlMjIlM0UlMEElMjAlMjAlMjAlMjAlMjAlMjAlMjAlMjAlMjAlMjAlMjAlMjAlMjAlMjAlMjAlMjAlM0MlMkZkaXYlM0UlMEElMjAlMjAlMjAlMjAlMjAlMjAlMjAlMjAlMjAlMjAlMjAlMjAlMjAlMjAlMjAlMjAlM0NkaXYlMjBjbGFzcyUzRCUyMm9tdC1wcm9ncmVzcy13cmFwcGVyJTIwanVzdGlmeS1zdGFydCUyMiUzRSUwQSUyMCUyMCUyMCUyMCUyMCUyMCUyMCUyMCUyMCUyMCUyMCUyMCUyMCUyMCUyMCUyMCUyMCUyMCUyMCUyMCUzQ2RpdiUyMGNsYXNzJTNEJTIycHJvZ3Jlc3MlMjB0ZXh0LWNlbnRlciUyMiUzRSUwQSUyMCUyMCUyMCUyMCUyMCUyMCUyMCUyMCUyMCUyMCUyMCUyMCUyMCUyMCUyMCUyMCUyMCUyMCUyMCUyMCUyMCUyMCUyMCUyMCUzQ2RpdiUyMGNsYXNzJTNEJTIyZmxleCUyMGl0ZW1zLWNlbnRlciUyMGp1c3RpZnktY2VudGVyJTIwcHJvZ3Jlc3MtYmFyJTIwdGl0bGUtaWUlMjB3LWZ1bGwlMjIlM0UlMEElMjAlMjAlMjAlMjAlMjAlMjAlMjAlMjAlMjAlMjAlMjAlMjAlMjAlMjAlMjAlMjAlMjAlMjAlMjAlMjAlMjAlMjAlMjAlMjAlMjAlMjAlMjAlMjAlM0NzcGFuJTIwY2xhc3MlM0QlMjJmb250LWJvbGQlMjBweC0yJTIwdGV4dC14cyUyMiUzRTEwMCUyNSUzQyUyRnNwYW4lM0UlMEElMjAlMjAlMjAlMjAlMjAlMjAlMjAlMjAlMjAlMjAlMjAlMjAlMjAlMjAlMjAlMjAlMjAlMjAlMjAlMjAlMjAlMjAlMjAlMjAlM0MlMkZkaXYlM0UlMEElMjAlMjAlMjAlMjAlMjAlMjAlMjAlMjAlMjAlMjAlMjAlMjAlMjAlMjAlMjAlMjAlMjAlMjAlMjAlMjAlM0MlMkZkaXYlM0UlMEElMjAlMjAlMjAlMjAlMjAlMjAlMjAlMjAlMjAlMjAlMjAlMjAlMjAlMjAlMjAlMjAlM0MlMkZkaXYlM0U=[\/vc_raw_html][vc_column_text css=\u00a0\u00bb\u00a0\u00bb el_class=\u00a0\u00bbomt-postregister-page-maintitle\u00a0\u00bb]Nouvel utilisateur[\/vc_column_text][vc_single_image image=\u00a0\u00bb85841&Prime; img_size=\u00a0\u00bbfull\u00a0\u00bb alignment=\u00a0\u00bbcenter\u00a0\u00bb qode_css_animation=\u00a0\u00bb\u00a0\u00bb el_class=\u00a0\u00bbomt-postregister-page-userimg\u00a0\u00bb][vc_column_text&#8230;<\/p>\n","protected":false},"author":2,"featured_media":0,"parent":0,"menu_order":0,"comment_status":"closed","ping_status":"closed","template":"","meta":{"_acf_changed":false,"footnotes":""},"class_list":["post-86845","page","type-page","status-publish","hentry"],"acf":[],"yoast_head":"<!-- This site is optimized with the Yoast SEO plugin v24.7 - https:\/\/yoast.com\/wordpress\/plugins\/seo\/ -->\n<title>Post Register - TOA<\/title>\n<meta name=\"robots\" content=\"noindex, follow, max-snippet:-1, max-image-preview:large, max-video-preview:-1\" \/>\n<meta property=\"og:locale\" content=\"fr_FR\" \/>\n<meta property=\"og:type\" content=\"article\" \/>\n<meta property=\"og:title\" content=\"Post Register - TOA\" \/>\n<meta property=\"og:description\" content=\"[vc_row css_animation=\u00a0\u00bb\u00a0\u00bb row_type=\u00a0\u00bbrow\u00a0\u00bb use_row_as_full_screen_section=\u00a0\u00bbno\u00a0\u00bb type=\u00a0\u00bbfull_width\u00a0\u00bb angled_section=\u00a0\u00bbno\u00a0\u00bb text_align=\u00a0\u00bbcenter\u00a0\u00bb background_image_as_pattern=\u00a0\u00bbwithout_pattern\u00a0\u00bb z_index=\u00a0\u00bb\u00a0\u00bb css=\u00a0\u00bb.vc_custom_1713970284359{margin-top: 150px !important;margin-bottom: 50px !important;}\u00a0\u00bb el_class=\u00a0\u00bbomt-postregister-page\u00a0\u00bb][vc_column][vc_row_inner row_type=\u00a0\u00bbrow\u00a0\u00bb type=\u00a0\u00bbfull_width\u00a0\u00bb text_align=\u00a0\u00bbleft\u00a0\u00bb css_animation=\u00a0\u00bb\u00a0\u00bb][vc_column_inner el_class=\u00a0\u00bbomt-postregister-page-leftcolumn\u00a0\u00bb width=\u00a0\u00bb1\/2&Prime;][vc_column_text css=\u00a0\u00bb\u00a0\u00bb el_class=\u00a0\u00bbomt-postregister-page-title\u00a0\u00bb]Bienvenue \u00e0 la Tourism Online Academy ![\/vc_column_text][vc_single_image image=\u00a0\u00bb85862&Prime; img_size=\u00a0\u00bbfull\u00a0\u00bb qode_css_animation=\u00a0\u00bb\u00a0\u00bb el_class=\u00a0\u00bbomt-postregister-page-img\u00a0\u00bb][\/vc_column_inner][vc_column_inner el_class=\u00a0\u00bbomt-postregister-page-rightcolumn\u00a0\u00bb width=\u00a0\u00bb1\/2&Prime;][vc_raw_html css=\u00a0\u00bb\u00a0\u00bb el_class=\u00a0\u00bbomt-postregister-page-logo\u00a0\u00bb]JTNDZGl2JTIwY2xhc3MlM0QlMjJqdXN0aWZ5LWVuZCUyMG9tdC1sb2dvLWltZyUyMiUzRSUwQSUyMCUyMCUyMCUyMCUyMCUyMCUyMCUyMCUyMCUyMCUyMCUyMCUyMCUyMCUyMCUyMCUyMCUyMCUyMCUyMCUzQ2ltZyUyMHNyYyUzRCUyMiUyRmd3YyUyRnN0YXRpYyUyRmltZyUyRmxvZ29JRS5wbmclMjIlMjBhbHQlM0QlMjJMb2dvSUUlMjIlMjBjbGFzcyUzRCUyMnBvc2l0aW9uLXJlZ2lzdGVyLWxvZ28taWUlMjIlM0UlMEElMjAlMjAlMjAlMjAlMjAlMjAlMjAlMjAlMjAlMjAlMjAlMjAlMjAlMjAlMjAlMjAlM0MlMkZkaXYlM0UlMEElMjAlMjAlMjAlMjAlMjAlMjAlMjAlMjAlMjAlMjAlMjAlMjAlMjAlMjAlMjAlMjAlM0NkaXYlMjBjbGFzcyUzRCUyMm9tdC1wcm9ncmVzcy13cmFwcGVyJTIwanVzdGlmeS1zdGFydCUyMiUzRSUwQSUyMCUyMCUyMCUyMCUyMCUyMCUyMCUyMCUyMCUyMCUyMCUyMCUyMCUyMCUyMCUyMCUyMCUyMCUyMCUyMCUzQ2RpdiUyMGNsYXNzJTNEJTIycHJvZ3Jlc3MlMjB0ZXh0LWNlbnRlciUyMiUzRSUwQSUyMCUyMCUyMCUyMCUyMCUyMCUyMCUyMCUyMCUyMCUyMCUyMCUyMCUyMCUyMCUyMCUyMCUyMCUyMCUyMCUyMCUyMCUyMCUyMCUzQ2RpdiUyMGNsYXNzJTNEJTIyZmxleCUyMGl0ZW1zLWNlbnRlciUyMGp1c3RpZnktY2VudGVyJTIwcHJvZ3Jlc3MtYmFyJTIwdGl0bGUtaWUlMjB3LWZ1bGwlMjIlM0UlMEElMjAlMjAlMjAlMjAlMjAlMjAlMjAlMjAlMjAlMjAlMjAlMjAlMjAlMjAlMjAlMjAlMjAlMjAlMjAlMjAlMjAlMjAlMjAlMjAlMjAlMjAlMjAlMjAlM0NzcGFuJTIwY2xhc3MlM0QlMjJmb250LWJvbGQlMjBweC0yJTIwdGV4dC14cyUyMiUzRTEwMCUyNSUzQyUyRnNwYW4lM0UlMEElMjAlMjAlMjAlMjAlMjAlMjAlMjAlMjAlMjAlMjAlMjAlMjAlMjAlMjAlMjAlMjAlMjAlMjAlMjAlMjAlMjAlMjAlMjAlMjAlM0MlMkZkaXYlM0UlMEElMjAlMjAlMjAlMjAlMjAlMjAlMjAlMjAlMjAlMjAlMjAlMjAlMjAlMjAlMjAlMjAlMjAlMjAlMjAlMjAlM0MlMkZkaXYlM0UlMEElMjAlMjAlMjAlMjAlMjAlMjAlMjAlMjAlMjAlMjAlMjAlMjAlMjAlMjAlMjAlMjAlM0MlMkZkaXYlM0U=[\/vc_raw_html][vc_column_text css=\u00a0\u00bb\u00a0\u00bb el_class=\u00a0\u00bbomt-postregister-page-maintitle\u00a0\u00bb]Nouvel utilisateur[\/vc_column_text][vc_single_image image=\u00a0\u00bb85841&Prime; img_size=\u00a0\u00bbfull\u00a0\u00bb alignment=\u00a0\u00bbcenter\u00a0\u00bb qode_css_animation=\u00a0\u00bb\u00a0\u00bb el_class=\u00a0\u00bbomt-postregister-page-userimg\u00a0\u00bb][vc_column_text...\" \/>\n<meta property=\"og:url\" content=\"https:\/\/www.mvp.omt.ie.graspway.com\/fr\/post-register\" \/>\n<meta property=\"og:site_name\" content=\"TOA\" \/>\n<meta property=\"article:modified_time\" content=\"2024-09-27T16:38:26+00:00\" \/>\n<meta name=\"twitter:card\" content=\"summary_large_image\" \/>\n<meta name=\"twitter:label1\" content=\"Dur\u00e9e de lecture estim\u00e9e\" \/>\n\t<meta name=\"twitter:data1\" content=\"2 minutes\" \/>\n<script type=\"application\/ld+json\" class=\"yoast-schema-graph\">{\"@context\":\"https:\/\/schema.org\",\"@graph\":[{\"@type\":\"WebPage\",\"@id\":\"https:\/\/www.mvp.omt.ie.graspway.com\/fr\/post-register\",\"url\":\"https:\/\/www.mvp.omt.ie.graspway.com\/fr\/post-register\",\"name\":\"Post Register - TOA\",\"isPartOf\":{\"@id\":\"https:\/\/www.mvp.omt.ie.graspway.com\/#website\"},\"datePublished\":\"2018-06-29T07:33:09+00:00\",\"dateModified\":\"2024-09-27T16:38:26+00:00\",\"breadcrumb\":{\"@id\":\"https:\/\/www.mvp.omt.ie.graspway.com\/fr\/post-register#breadcrumb\"},\"inLanguage\":\"fr-FR\",\"potentialAction\":[{\"@type\":\"ReadAction\",\"target\":[\"https:\/\/www.mvp.omt.ie.graspway.com\/fr\/post-register\"]}]},{\"@type\":\"BreadcrumbList\",\"@id\":\"https:\/\/www.mvp.omt.ie.graspway.com\/fr\/post-register#breadcrumb\",\"itemListElement\":[{\"@type\":\"ListItem\",\"position\":1,\"name\":\"Home\",\"item\":\"https:\/\/www.mvp.omt.ie.graspway.com\/fr\"},{\"@type\":\"ListItem\",\"position\":2,\"name\":\"Post Register\"}]},{\"@type\":\"WebSite\",\"@id\":\"https:\/\/www.mvp.omt.ie.graspway.com\/#website\",\"url\":\"https:\/\/www.mvp.omt.ie.graspway.com\/\",\"name\":\"TOA\",\"description\":\"Tourism Online Academy\",\"potentialAction\":[{\"@type\":\"SearchAction\",\"target\":{\"@type\":\"EntryPoint\",\"urlTemplate\":\"https:\/\/www.mvp.omt.ie.graspway.com\/?s={search_term_string}\"},\"query-input\":{\"@type\":\"PropertyValueSpecification\",\"valueRequired\":true,\"valueName\":\"search_term_string\"}}],\"inLanguage\":\"fr-FR\"}]}<\/script>\n<!-- \/ Yoast SEO plugin. -->","yoast_head_json":{"title":"Post Register - TOA","robots":{"index":"noindex","follow":"follow","max-snippet":"max-snippet:-1","max-image-preview":"max-image-preview:large","max-video-preview":"max-video-preview:-1"},"og_locale":"fr_FR","og_type":"article","og_title":"Post Register - TOA","og_description":"[vc_row css_animation=\u00a0\u00bb\u00a0\u00bb row_type=\u00a0\u00bbrow\u00a0\u00bb use_row_as_full_screen_section=\u00a0\u00bbno\u00a0\u00bb type=\u00a0\u00bbfull_width\u00a0\u00bb angled_section=\u00a0\u00bbno\u00a0\u00bb text_align=\u00a0\u00bbcenter\u00a0\u00bb background_image_as_pattern=\u00a0\u00bbwithout_pattern\u00a0\u00bb z_index=\u00a0\u00bb\u00a0\u00bb css=\u00a0\u00bb.vc_custom_1713970284359{margin-top: 150px !important;margin-bottom: 50px !important;}\u00a0\u00bb el_class=\u00a0\u00bbomt-postregister-page\u00a0\u00bb][vc_column][vc_row_inner row_type=\u00a0\u00bbrow\u00a0\u00bb type=\u00a0\u00bbfull_width\u00a0\u00bb text_align=\u00a0\u00bbleft\u00a0\u00bb css_animation=\u00a0\u00bb\u00a0\u00bb][vc_column_inner el_class=\u00a0\u00bbomt-postregister-page-leftcolumn\u00a0\u00bb width=\u00a0\u00bb1\/2&Prime;][vc_column_text css=\u00a0\u00bb\u00a0\u00bb el_class=\u00a0\u00bbomt-postregister-page-title\u00a0\u00bb]Bienvenue \u00e0 la Tourism Online Academy ![\/vc_column_text][vc_single_image image=\u00a0\u00bb85862&Prime; img_size=\u00a0\u00bbfull\u00a0\u00bb qode_css_animation=\u00a0\u00bb\u00a0\u00bb el_class=\u00a0\u00bbomt-postregister-page-img\u00a0\u00bb][\/vc_column_inner][vc_column_inner el_class=\u00a0\u00bbomt-postregister-page-rightcolumn\u00a0\u00bb width=\u00a0\u00bb1\/2&Prime;][vc_raw_html css=\u00a0\u00bb\u00a0\u00bb el_class=\u00a0\u00bbomt-postregister-page-logo\u00a0\u00bb]JTNDZGl2JTIwY2xhc3MlM0QlMjJqdXN0aWZ5LWVuZCUyMG9tdC1sb2dvLWltZyUyMiUzRSUwQSUyMCUyMCUyMCUyMCUyMCUyMCUyMCUyMCUyMCUyMCUyMCUyMCUyMCUyMCUyMCUyMCUyMCUyMCUyMCUyMCUzQ2ltZyUyMHNyYyUzRCUyMiUyRmd3YyUyRnN0YXRpYyUyRmltZyUyRmxvZ29JRS5wbmclMjIlMjBhbHQlM0QlMjJMb2dvSUUlMjIlMjBjbGFzcyUzRCUyMnBvc2l0aW9uLXJlZ2lzdGVyLWxvZ28taWUlMjIlM0UlMEElMjAlMjAlMjAlMjAlMjAlMjAlMjAlMjAlMjAlMjAlMjAlMjAlMjAlMjAlMjAlMjAlM0MlMkZkaXYlM0UlMEElMjAlMjAlMjAlMjAlMjAlMjAlMjAlMjAlMjAlMjAlMjAlMjAlMjAlMjAlMjAlMjAlM0NkaXYlMjBjbGFzcyUzRCUyMm9tdC1wcm9ncmVzcy13cmFwcGVyJTIwanVzdGlmeS1zdGFydCUyMiUzRSUwQSUyMCUyMCUyMCUyMCUyMCUyMCUyMCUyMCUyMCUyMCUyMCUyMCUyMCUyMCUyMCUyMCUyMCUyMCUyMCUyMCUzQ2RpdiUyMGNsYXNzJTNEJTIycHJvZ3Jlc3MlMjB0ZXh0LWNlbnRlciUyMiUzRSUwQSUyMCUyMCUyMCUyMCUyMCUyMCUyMCUyMCUyMCUyMCUyMCUyMCUyMCUyMCUyMCUyMCUyMCUyMCUyMCUyMCUyMCUyMCUyMCUyMCUzQ2RpdiUyMGNsYXNzJTNEJTIyZmxleCUyMGl0ZW1zLWNlbnRlciUyMGp1c3RpZnktY2VudGVyJTIwcHJvZ3Jlc3MtYmFyJTIwdGl0bGUtaWUlMjB3LWZ1bGwlMjIlM0UlMEElMjAlMjAlMjAlMjAlMjAlMjAlMjAlMjAlMjAlMjAlMjAlMjAlMjAlMjAlMjAlMjAlMjAlMjAlMjAlMjAlMjAlMjAlMjAlMjAlMjAlMjAlMjAlMjAlM0NzcGFuJTIwY2xhc3MlM0QlMjJmb250LWJvbGQlMjBweC0yJTIwdGV4dC14cyUyMiUzRTEwMCUyNSUzQyUyRnNwYW4lM0UlMEElMjAlMjAlMjAlMjAlMjAlMjAlMjAlMjAlMjAlMjAlMjAlMjAlMjAlMjAlMjAlMjAlMjAlMjAlMjAlMjAlMjAlMjAlMjAlMjAlM0MlMkZkaXYlM0UlMEElMjAlMjAlMjAlMjAlMjAlMjAlMjAlMjAlMjAlMjAlMjAlMjAlMjAlMjAlMjAlMjAlMjAlMjAlMjAlMjAlM0MlMkZkaXYlM0UlMEElMjAlMjAlMjAlMjAlMjAlMjAlMjAlMjAlMjAlMjAlMjAlMjAlMjAlMjAlMjAlMjAlM0MlMkZkaXYlM0U=[\/vc_raw_html][vc_column_text css=\u00a0\u00bb\u00a0\u00bb el_class=\u00a0\u00bbomt-postregister-page-maintitle\u00a0\u00bb]Nouvel utilisateur[\/vc_column_text][vc_single_image image=\u00a0\u00bb85841&Prime; img_size=\u00a0\u00bbfull\u00a0\u00bb alignment=\u00a0\u00bbcenter\u00a0\u00bb qode_css_animation=\u00a0\u00bb\u00a0\u00bb el_class=\u00a0\u00bbomt-postregister-page-userimg\u00a0\u00bb][vc_column_text...","og_url":"https:\/\/www.mvp.omt.ie.graspway.com\/fr\/post-register","og_site_name":"TOA","article_modified_time":"2024-09-27T16:38:26+00:00","twitter_card":"summary_large_image","twitter_misc":{"Dur\u00e9e de lecture estim\u00e9e":"2 minutes"},"schema":{"@context":"https:\/\/schema.org","@graph":[{"@type":"WebPage","@id":"https:\/\/www.mvp.omt.ie.graspway.com\/fr\/post-register","url":"https:\/\/www.mvp.omt.ie.graspway.com\/fr\/post-register","name":"Post Register - TOA","isPartOf":{"@id":"https:\/\/www.mvp.omt.ie.graspway.com\/#website"},"datePublished":"2018-06-29T07:33:09+00:00","dateModified":"2024-09-27T16:38:26+00:00","breadcrumb":{"@id":"https:\/\/www.mvp.omt.ie.graspway.com\/fr\/post-register#breadcrumb"},"inLanguage":"fr-FR","potentialAction":[{"@type":"ReadAction","target":["https:\/\/www.mvp.omt.ie.graspway.com\/fr\/post-register"]}]},{"@type":"BreadcrumbList","@id":"https:\/\/www.mvp.omt.ie.graspway.com\/fr\/post-register#breadcrumb","itemListElement":[{"@type":"ListItem","position":1,"name":"Home","item":"https:\/\/www.mvp.omt.ie.graspway.com\/fr"},{"@type":"ListItem","position":2,"name":"Post Register"}]},{"@type":"WebSite","@id":"https:\/\/www.mvp.omt.ie.graspway.com\/#website","url":"https:\/\/www.mvp.omt.ie.graspway.com\/","name":"TOA","description":"Tourism Online Academy","potentialAction":[{"@type":"SearchAction","target":{"@type":"EntryPoint","urlTemplate":"https:\/\/www.mvp.omt.ie.graspway.com\/?s={search_term_string}"},"query-input":{"@type":"PropertyValueSpecification","valueRequired":true,"valueName":"search_term_string"}}],"inLanguage":"fr-FR"}]}},"_links":{"self":[{"href":"https:\/\/www.mvp.omt.ie.graspway.com\/fr\/wp-json\/wp\/v2\/pages\/86845","targetHints":{"allow":["GET"]}}],"collection":[{"href":"https:\/\/www.mvp.omt.ie.graspway.com\/fr\/wp-json\/wp\/v2\/pages"}],"about":[{"href":"https:\/\/www.mvp.omt.ie.graspway.com\/fr\/wp-json\/wp\/v2\/types\/page"}],"author":[{"embeddable":true,"href":"https:\/\/www.mvp.omt.ie.graspway.com\/fr\/wp-json\/wp\/v2\/users\/2"}],"replies":[{"embeddable":true,"href":"https:\/\/www.mvp.omt.ie.graspway.com\/fr\/wp-json\/wp\/v2\/comments?post=86845"}],"version-history":[{"count":5,"href":"https:\/\/www.mvp.omt.ie.graspway.com\/fr\/wp-json\/wp\/v2\/pages\/86845\/revisions"}],"predecessor-version":[{"id":87090,"href":"https:\/\/www.mvp.omt.ie.graspway.com\/fr\/wp-json\/wp\/v2\/pages\/86845\/revisions\/87090"}],"wp:attachment":[{"href":"https:\/\/www.mvp.omt.ie.graspway.com\/fr\/wp-json\/wp\/v2\/media?parent=86845"}],"curies":[{"name":"wp","href":"https:\/\/api.w.org\/{rel}","templated":true}]}}