{"id":86852,"date":"2018-11-23T08:52:42","date_gmt":"2018-11-23T08:52:42","guid":{"rendered":"https:\/\/www.mvp.omt.ie.graspway.com\/recover-password"},"modified":"2018-11-23T08:52:42","modified_gmt":"2018-11-23T08:52:42","slug":"recover-password","status":"publish","type":"page","link":"https:\/\/www.mvp.omt.ie.graspway.com\/fr\/recover-password","title":{"rendered":"Recover Password"},"content":{"rendered":"        \n<style>\n    .omt-bg-container {\n        width: 45%;\n        background-image: url('https:\/\/www.mvp.omt.ie.graspway.com\/wp-content\/themes\/gw-cup-ie\/assets\/img\/recoverpassword.jpg');\n        background-size:     cover;                      \n        background-repeat:   no-repeat;\n        background-position: center center;   \n    }\n\n    .omt-register-height {\n        min-height: 80vh;\n    }\n\n    header {\n      display: none !important;\n    }\n<\/style>\n\n<div class=\"container_profile flex w-full omt-register-height items-stretch\" >\n    <a id=\"back-button-panel-one\" href=\"\/login\" class=\"hidden md:block absolute bg-omt-light-blue text-xl p-6 text-white no-underline top-0 right-0 text-center hover:text-white z-10\">\n        <svg viewBox=\"0 0 24 24\" fill=\"none\" stroke=\"currentColor\" stroke-linecap=\"round\" stroke-linejoin=\"round\" width=\"48\" height=\"48\" stroke-width=\"1\"> <path d=\"M15 6l-6 6l6 6\"><\/path> <\/svg> \n    <\/a>\n\n    <div class=\"position absolute top-0 left-0 mt-24 md:mt-12 ml-12 w-2\/4\">\n        <img decoding=\"async\" data-src=\"https:\/\/www.mvp.omt.ie.graspway.com\/wp-content\/uploads\/2024\/05\/TOA_LOGO_MainBlue.png\" alt=\"LogoIE\" class=\"md:w-56 lazyload\" src=\"data:image\/gif;base64,R0lGODlhAQABAAAAACH5BAEKAAEALAAAAAABAAEAAAICTAEAOw==\" style=\"--smush-placeholder-width: 3023px; --smush-placeholder-aspect-ratio: 3023\/1142;\">\n    <\/div>\n    <!-- Izda -->\n    <div class=\"omt-bg-container hidden lg:block\">\n        <div class=\"flex flex-col-reverse h-full justify-between\" >\n        <\/div>\n    <\/div>\n\n    <!-- Der -->\n    <div class=\"mr-10 lg:mr-0 ml-10 relative text-center lg:text-left pt-32 lg:pt-0 omt-w-55\">\n        <!-- logo and progress bar -->\n        <div class=\"h-full flex flex-col justify-between px-24 pb-12\">\n            <form action=\"#\" id=\"forgot_password\">\n                <div>\n                    <h4 class=\"font-bold pt-24 text-omt-black font-monserrat text-4xl hidden lg:block title-register\" style=\"text-wrap: pretty;\"> R\u00e9cup\u00e9rer le mot de passe <\/h4>\n                    <p class=\"my-12 lg:my-4 font-thin text-3xl lg:text-lg\">\n                        Saisissez l'adresse e-mail que vous avez utilis\u00e9e lors de votre inscription et nous vous enverrons les instructions pour r\u00e9initialiser votre mot de passe.                    <\/p>\n                    <p class=\"my-4 font-thin mb-8 text-3xl lg:text-lg\">\n                        Pour des raisons de s\u00e9curit\u00e9, nous ne stockons PAS votre mot de passe. Vous pouvez donc avoir l'esprit tranquille : nous ne l'enverrons jamais par e-mail.                    <\/p>\n                    <div class=\"flex flex-col text-left mt-32 lg:mt-0\">\n                        <span class=\"font-semibold text-omt-grey font-monserrat text-md pl-8 pb-2 md:text-xs md:mt-5 md:mb-2\"> E-mail* <\/span>\n                        <input id=\"recover_email\" placeholder=\"Saisissez votre adresse e-mail ici\" type=\"email\" name=\"recover_email\" class=\"text-base px-8 py-4 lg:p-4 text-grey-dark w-full rounded-full bg-omt-light-grey\" value=\"\" required>\n                        <div id=\"form_feedback\"><\/div>\n                    <\/div>\n                <\/div>\n                <div class=\"w-full flex mt-4\">\n                    <button id=\"recover_password\" type=\"submit\" form=\"forgot_password\" value=\"Submit\" class=\"w-full flex flex-row-reverse text-center text-white bg-omt-blue mt-4 rounded-full py-4 justify-center\">\n                        R\u00e9initialiser le mot de passe                    <\/button>\n                <\/div>\n            <\/form>\n        <\/div>  \n    <\/div>\n\n<\/div>\n\n\n\n\n","protected":false},"excerpt":{"rendered":"R\u00e9cup\u00e9rer le mot de passe Saisissez l'adresse e-mail que vous avez utilis\u00e9e lors de votre inscription et nous vous enverrons les instructions pour r\u00e9initialiser votre mot de passe. Pour des raisons de s\u00e9curit\u00e9, nous ne stockons PAS votre mot de passe. Vous pouvez donc avoir...","protected":false},"author":2,"featured_media":0,"parent":0,"menu_order":0,"comment_status":"closed","ping_status":"closed","template":"","meta":{"_acf_changed":false,"footnotes":""},"class_list":["post-86852","page","type-page","status-publish","hentry"],"acf":[],"yoast_head":"<!-- This site is optimized with the Yoast SEO plugin v24.7 - https:\/\/yoast.com\/wordpress\/plugins\/seo\/ -->\n<title>Recover Password - TOA<\/title>\n<meta name=\"robots\" content=\"noindex, follow, max-snippet:-1, max-image-preview:large, max-video-preview:-1\" \/>\n<meta property=\"og:locale\" content=\"fr_FR\" \/>\n<meta property=\"og:type\" content=\"article\" \/>\n<meta property=\"og:title\" content=\"Recover Password - TOA\" \/>\n<meta property=\"og:url\" content=\"https:\/\/www.mvp.omt.ie.graspway.com\/fr\/recover-password\" \/>\n<meta property=\"og:site_name\" content=\"TOA\" \/>\n<meta name=\"twitter:card\" content=\"summary_large_image\" \/>\n<script type=\"application\/ld+json\" class=\"yoast-schema-graph\">{\"@context\":\"https:\/\/schema.org\",\"@graph\":[{\"@type\":\"WebPage\",\"@id\":\"https:\/\/www.mvp.omt.ie.graspway.com\/fr\/recover-password\",\"url\":\"https:\/\/www.mvp.omt.ie.graspway.com\/fr\/recover-password\",\"name\":\"Recover Password - TOA\",\"isPartOf\":{\"@id\":\"https:\/\/www.mvp.omt.ie.graspway.com\/#website\"},\"datePublished\":\"2018-11-23T08:52:42+00:00\",\"breadcrumb\":{\"@id\":\"https:\/\/www.mvp.omt.ie.graspway.com\/fr\/recover-password#breadcrumb\"},\"inLanguage\":\"fr-FR\",\"potentialAction\":[{\"@type\":\"ReadAction\",\"target\":[\"https:\/\/www.mvp.omt.ie.graspway.com\/fr\/recover-password\"]}]},{\"@type\":\"BreadcrumbList\",\"@id\":\"https:\/\/www.mvp.omt.ie.graspway.com\/fr\/recover-password#breadcrumb\",\"itemListElement\":[{\"@type\":\"ListItem\",\"position\":1,\"name\":\"Home\",\"item\":\"https:\/\/www.mvp.omt.ie.graspway.com\/fr\"},{\"@type\":\"ListItem\",\"position\":2,\"name\":\"Recover Password\"}]},{\"@type\":\"WebSite\",\"@id\":\"https:\/\/www.mvp.omt.ie.graspway.com\/#website\",\"url\":\"https:\/\/www.mvp.omt.ie.graspway.com\/\",\"name\":\"TOA\",\"description\":\"Tourism Online Academy\",\"potentialAction\":[{\"@type\":\"SearchAction\",\"target\":{\"@type\":\"EntryPoint\",\"urlTemplate\":\"https:\/\/www.mvp.omt.ie.graspway.com\/?s={search_term_string}\"},\"query-input\":{\"@type\":\"PropertyValueSpecification\",\"valueRequired\":true,\"valueName\":\"search_term_string\"}}],\"inLanguage\":\"fr-FR\"}]}<\/script>\n<!-- \/ Yoast SEO plugin. -->","yoast_head_json":{"title":"Recover Password - TOA","robots":{"index":"noindex","follow":"follow","max-snippet":"max-snippet:-1","max-image-preview":"max-image-preview:large","max-video-preview":"max-video-preview:-1"},"og_locale":"fr_FR","og_type":"article","og_title":"Recover Password - TOA","og_url":"https:\/\/www.mvp.omt.ie.graspway.com\/fr\/recover-password","og_site_name":"TOA","twitter_card":"summary_large_image","schema":{"@context":"https:\/\/schema.org","@graph":[{"@type":"WebPage","@id":"https:\/\/www.mvp.omt.ie.graspway.com\/fr\/recover-password","url":"https:\/\/www.mvp.omt.ie.graspway.com\/fr\/recover-password","name":"Recover Password - TOA","isPartOf":{"@id":"https:\/\/www.mvp.omt.ie.graspway.com\/#website"},"datePublished":"2018-11-23T08:52:42+00:00","breadcrumb":{"@id":"https:\/\/www.mvp.omt.ie.graspway.com\/fr\/recover-password#breadcrumb"},"inLanguage":"fr-FR","potentialAction":[{"@type":"ReadAction","target":["https:\/\/www.mvp.omt.ie.graspway.com\/fr\/recover-password"]}]},{"@type":"BreadcrumbList","@id":"https:\/\/www.mvp.omt.ie.graspway.com\/fr\/recover-password#breadcrumb","itemListElement":[{"@type":"ListItem","position":1,"name":"Home","item":"https:\/\/www.mvp.omt.ie.graspway.com\/fr"},{"@type":"ListItem","position":2,"name":"Recover Password"}]},{"@type":"WebSite","@id":"https:\/\/www.mvp.omt.ie.graspway.com\/#website","url":"https:\/\/www.mvp.omt.ie.graspway.com\/","name":"TOA","description":"Tourism Online Academy","potentialAction":[{"@type":"SearchAction","target":{"@type":"EntryPoint","urlTemplate":"https:\/\/www.mvp.omt.ie.graspway.com\/?s={search_term_string}"},"query-input":{"@type":"PropertyValueSpecification","valueRequired":true,"valueName":"search_term_string"}}],"inLanguage":"fr-FR"}]}},"_links":{"self":[{"href":"https:\/\/www.mvp.omt.ie.graspway.com\/fr\/wp-json\/wp\/v2\/pages\/86852","targetHints":{"allow":["GET"]}}],"collection":[{"href":"https:\/\/www.mvp.omt.ie.graspway.com\/fr\/wp-json\/wp\/v2\/pages"}],"about":[{"href":"https:\/\/www.mvp.omt.ie.graspway.com\/fr\/wp-json\/wp\/v2\/types\/page"}],"author":[{"embeddable":true,"href":"https:\/\/www.mvp.omt.ie.graspway.com\/fr\/wp-json\/wp\/v2\/users\/2"}],"replies":[{"embeddable":true,"href":"https:\/\/www.mvp.omt.ie.graspway.com\/fr\/wp-json\/wp\/v2\/comments?post=86852"}],"version-history":[{"count":0,"href":"https:\/\/www.mvp.omt.ie.graspway.com\/fr\/wp-json\/wp\/v2\/pages\/86852\/revisions"}],"wp:attachment":[{"href":"https:\/\/www.mvp.omt.ie.graspway.com\/fr\/wp-json\/wp\/v2\/media?parent=86852"}],"curies":[{"name":"wp","href":"https:\/\/api.w.org\/{rel}","templated":true}]}}