{"id":86878,"date":"2021-07-08T12:51:57","date_gmt":"2021-07-08T12:51:57","guid":{"rendered":"https:\/\/www.mvp.omt.ie.graspway.com\/thankyou"},"modified":"2024-09-27T16:52:16","modified_gmt":"2024-09-27T16:52:16","slug":"thankyou","status":"publish","type":"page","link":"https:\/\/www.mvp.omt.ie.graspway.com\/fr\/thankyou","title":{"rendered":"Thank you"},"content":{"rendered":"<div class=\"wpb-content-wrapper\"><p>[vc_row css_animation=\u00a0\u00bb\u00a0\u00bb row_type=\u00a0\u00bbrow\u00a0\u00bb use_row_as_full_screen_section=\u00a0\u00bbno\u00a0\u00bb type=\u00a0\u00bbfull_width\u00a0\u00bb angled_section=\u00a0\u00bbno\u00a0\u00bb text_align=\u00a0\u00bbleft\u00a0\u00bb background_image_as_pattern=\u00a0\u00bbwithout_pattern\u00a0\u00bb el_class=\u00a0\u00bbomt-simple-page-ty\u00a0\u00bb z_index=\u00a0\u00bb\u00a0\u00bb][vc_column el_class=\u00a0\u00bbomt-simple-page\u00a0\u00bb][vc_column_text css=\u00a0\u00bb\u00a0\u00bb]<\/p>\n<h2 style=\"text-transform: none;\">Nouvel utilisateur<\/h2>\n<p>[\/vc_column_text][vc_single_image image=\u00a0\u00bb85841&Prime; img_size=\u00a0\u00bbfull\u00a0\u00bb alignment=\u00a0\u00bbcenter\u00a0\u00bb qode_css_animation=\u00a0\u00bb\u00a0\u00bb][vc_column_text css=\u00a0\u00bb\u00a0\u00bb el_class=\u00a0\u00bbomt-simple-page-main-text\u00a0\u00bb]<\/p>\n<h4 style=\"text-align: center;\"><span data-sheets-root=\"1\">Bienvenue \u00e0 la Tourism Online Academy !<\/span><\/h4>\n<p>&nbsp;<\/p>\n<p><span data-sheets-root=\"1\">Veuillez passer en revue les points suivants pour b\u00e9n\u00e9ficier d\u2019une exp\u00e9rience optimale.<\/span><\/p>\n<p>&nbsp;<\/p>\n<ol>\n<li style=\"list-style-type: none;\">\n<ol>\n<li style=\"list-style-type: none;\">\n<ol>\n<li><span data-sheets-root=\"1\">Dans quelques secondes, vous recevrez un e-mail contenant un <strong>lien pour activer votre compte<\/strong>. Si vous ne le voyez pas dans votre bo\u00eete de r\u00e9ception, pensez \u00e0 v\u00e9rifier votre dossier de spam.<\/span><\/li>\n<li><span data-sheets-root=\"1\">Une fois votre compte activ\u00e9,<strong> connectez-vous<\/strong> \u00e0 la plateforme avec votre adresse e-mail et votre mot de passe.<\/span><\/li>\n<li><span data-sheets-root=\"1\">Une fois sur votre compte, vous pourrez d\u00e9marrer votre formation.<\/span><\/li>\n<\/ol>\n<\/li>\n<\/ol>\n<\/li>\n<\/ol>\n<p>[\/vc_column_text][vc_raw_html css=\u00a0\u00bb\u00a0\u00bb el_class=\u00a0\u00bbomt-button-link\u00a0\u00bb]JTNDYSUyMGhyZWYlM0QlMjJodHRwcyUzQSUyRiUyRm12cC5vbXQuaWUuZ3Jhc3B3YXkuY29tJTJGZnIlMkZjb3Vyc2UtY2F0YWxvZyUyMiUzRUFsbGVyJTIwJUMzJUEwJTIwdG91cyUyMGxlcyUyMGNvdXJzJTNDJTJGYSUzRQ==[\/vc_raw_html][\/vc_column][\/vc_row]<\/p>\n<\/div>","protected":false},"excerpt":{"rendered":"<p>[vc_row css_animation=\u00a0\u00bb\u00a0\u00bb row_type=\u00a0\u00bbrow\u00a0\u00bb use_row_as_full_screen_section=\u00a0\u00bbno\u00a0\u00bb type=\u00a0\u00bbfull_width\u00a0\u00bb angled_section=\u00a0\u00bbno\u00a0\u00bb text_align=\u00a0\u00bbleft\u00a0\u00bb background_image_as_pattern=\u00a0\u00bbwithout_pattern\u00a0\u00bb el_class=\u00a0\u00bbomt-simple-page-ty\u00a0\u00bb z_index=\u00a0\u00bb\u00a0\u00bb][vc_column el_class=\u00a0\u00bbomt-simple-page\u00a0\u00bb][vc_column_text css=\u00a0\u00bb\u00a0\u00bb] Nouvel utilisateur [\/vc_column_text][vc_single_image image=\u00a0\u00bb85841&Prime; img_size=\u00a0\u00bbfull\u00a0\u00bb alignment=\u00a0\u00bbcenter\u00a0\u00bb qode_css_animation=\u00a0\u00bb\u00a0\u00bb][vc_column_text css=\u00a0\u00bb\u00a0\u00bb el_class=\u00a0\u00bbomt-simple-page-main-text\u00a0\u00bb] Bienvenue \u00e0 la Tourism Online Academy ! &nbsp; Veuillez passer en revue les points suivants pour b\u00e9n\u00e9ficier d\u2019une exp\u00e9rience optimale. &nbsp; Dans quelques secondes,&#8230;<\/p>\n","protected":false},"author":2,"featured_media":0,"parent":0,"menu_order":0,"comment_status":"closed","ping_status":"closed","template":"","meta":{"_acf_changed":false,"footnotes":""},"class_list":["post-86878","page","type-page","status-publish","hentry"],"acf":[],"yoast_head":"<!-- This site is optimized with the Yoast SEO plugin v24.7 - https:\/\/yoast.com\/wordpress\/plugins\/seo\/ -->\n<title>Thank you - TOA<\/title>\n<meta name=\"robots\" content=\"noindex, follow, max-snippet:-1, max-image-preview:large, max-video-preview:-1\" \/>\n<meta property=\"og:locale\" content=\"fr_FR\" \/>\n<meta property=\"og:type\" content=\"article\" \/>\n<meta property=\"og:title\" content=\"Thank you - TOA\" \/>\n<meta property=\"og:description\" content=\"[vc_row css_animation=\u00a0\u00bb\u00a0\u00bb row_type=\u00a0\u00bbrow\u00a0\u00bb use_row_as_full_screen_section=\u00a0\u00bbno\u00a0\u00bb type=\u00a0\u00bbfull_width\u00a0\u00bb angled_section=\u00a0\u00bbno\u00a0\u00bb text_align=\u00a0\u00bbleft\u00a0\u00bb background_image_as_pattern=\u00a0\u00bbwithout_pattern\u00a0\u00bb el_class=\u00a0\u00bbomt-simple-page-ty\u00a0\u00bb z_index=\u00a0\u00bb\u00a0\u00bb][vc_column el_class=\u00a0\u00bbomt-simple-page\u00a0\u00bb][vc_column_text css=\u00a0\u00bb\u00a0\u00bb] Nouvel utilisateur [\/vc_column_text][vc_single_image image=\u00a0\u00bb85841&Prime; img_size=\u00a0\u00bbfull\u00a0\u00bb alignment=\u00a0\u00bbcenter\u00a0\u00bb qode_css_animation=\u00a0\u00bb\u00a0\u00bb][vc_column_text css=\u00a0\u00bb\u00a0\u00bb el_class=\u00a0\u00bbomt-simple-page-main-text\u00a0\u00bb] Bienvenue \u00e0 la Tourism Online Academy ! &nbsp; Veuillez passer en revue les points suivants pour b\u00e9n\u00e9ficier d\u2019une exp\u00e9rience optimale. &nbsp; Dans quelques secondes,...\" \/>\n<meta property=\"og:url\" content=\"https:\/\/www.mvp.omt.ie.graspway.com\/fr\/thankyou\" \/>\n<meta property=\"og:site_name\" content=\"TOA\" \/>\n<meta property=\"article:modified_time\" content=\"2024-09-27T16:52:16+00:00\" \/>\n<meta name=\"twitter:card\" content=\"summary_large_image\" \/>\n<meta name=\"twitter:label1\" content=\"Dur\u00e9e de lecture estim\u00e9e\" \/>\n\t<meta name=\"twitter:data1\" content=\"1 minute\" \/>\n<script type=\"application\/ld+json\" class=\"yoast-schema-graph\">{\"@context\":\"https:\/\/schema.org\",\"@graph\":[{\"@type\":\"WebPage\",\"@id\":\"https:\/\/www.mvp.omt.ie.graspway.com\/fr\/thankyou\",\"url\":\"https:\/\/www.mvp.omt.ie.graspway.com\/fr\/thankyou\",\"name\":\"Thank you - TOA\",\"isPartOf\":{\"@id\":\"https:\/\/www.mvp.omt.ie.graspway.com\/#website\"},\"datePublished\":\"2021-07-08T12:51:57+00:00\",\"dateModified\":\"2024-09-27T16:52:16+00:00\",\"breadcrumb\":{\"@id\":\"https:\/\/www.mvp.omt.ie.graspway.com\/fr\/thankyou#breadcrumb\"},\"inLanguage\":\"fr-FR\",\"potentialAction\":[{\"@type\":\"ReadAction\",\"target\":[\"https:\/\/www.mvp.omt.ie.graspway.com\/fr\/thankyou\"]}]},{\"@type\":\"BreadcrumbList\",\"@id\":\"https:\/\/www.mvp.omt.ie.graspway.com\/fr\/thankyou#breadcrumb\",\"itemListElement\":[{\"@type\":\"ListItem\",\"position\":1,\"name\":\"Home\",\"item\":\"https:\/\/www.mvp.omt.ie.graspway.com\/fr\"},{\"@type\":\"ListItem\",\"position\":2,\"name\":\"Thank you\"}]},{\"@type\":\"WebSite\",\"@id\":\"https:\/\/www.mvp.omt.ie.graspway.com\/#website\",\"url\":\"https:\/\/www.mvp.omt.ie.graspway.com\/\",\"name\":\"TOA\",\"description\":\"Tourism Online Academy\",\"potentialAction\":[{\"@type\":\"SearchAction\",\"target\":{\"@type\":\"EntryPoint\",\"urlTemplate\":\"https:\/\/www.mvp.omt.ie.graspway.com\/?s={search_term_string}\"},\"query-input\":{\"@type\":\"PropertyValueSpecification\",\"valueRequired\":true,\"valueName\":\"search_term_string\"}}],\"inLanguage\":\"fr-FR\"}]}<\/script>\n<!-- \/ Yoast SEO plugin. -->","yoast_head_json":{"title":"Thank you - TOA","robots":{"index":"noindex","follow":"follow","max-snippet":"max-snippet:-1","max-image-preview":"max-image-preview:large","max-video-preview":"max-video-preview:-1"},"og_locale":"fr_FR","og_type":"article","og_title":"Thank you - TOA","og_description":"[vc_row css_animation=\u00a0\u00bb\u00a0\u00bb row_type=\u00a0\u00bbrow\u00a0\u00bb use_row_as_full_screen_section=\u00a0\u00bbno\u00a0\u00bb type=\u00a0\u00bbfull_width\u00a0\u00bb angled_section=\u00a0\u00bbno\u00a0\u00bb text_align=\u00a0\u00bbleft\u00a0\u00bb background_image_as_pattern=\u00a0\u00bbwithout_pattern\u00a0\u00bb el_class=\u00a0\u00bbomt-simple-page-ty\u00a0\u00bb z_index=\u00a0\u00bb\u00a0\u00bb][vc_column el_class=\u00a0\u00bbomt-simple-page\u00a0\u00bb][vc_column_text css=\u00a0\u00bb\u00a0\u00bb] Nouvel utilisateur [\/vc_column_text][vc_single_image image=\u00a0\u00bb85841&Prime; img_size=\u00a0\u00bbfull\u00a0\u00bb alignment=\u00a0\u00bbcenter\u00a0\u00bb qode_css_animation=\u00a0\u00bb\u00a0\u00bb][vc_column_text css=\u00a0\u00bb\u00a0\u00bb el_class=\u00a0\u00bbomt-simple-page-main-text\u00a0\u00bb] Bienvenue \u00e0 la Tourism Online Academy ! &nbsp; Veuillez passer en revue les points suivants pour b\u00e9n\u00e9ficier d\u2019une exp\u00e9rience optimale. &nbsp; Dans quelques secondes,...","og_url":"https:\/\/www.mvp.omt.ie.graspway.com\/fr\/thankyou","og_site_name":"TOA","article_modified_time":"2024-09-27T16:52:16+00:00","twitter_card":"summary_large_image","twitter_misc":{"Dur\u00e9e de lecture estim\u00e9e":"1 minute"},"schema":{"@context":"https:\/\/schema.org","@graph":[{"@type":"WebPage","@id":"https:\/\/www.mvp.omt.ie.graspway.com\/fr\/thankyou","url":"https:\/\/www.mvp.omt.ie.graspway.com\/fr\/thankyou","name":"Thank you - TOA","isPartOf":{"@id":"https:\/\/www.mvp.omt.ie.graspway.com\/#website"},"datePublished":"2021-07-08T12:51:57+00:00","dateModified":"2024-09-27T16:52:16+00:00","breadcrumb":{"@id":"https:\/\/www.mvp.omt.ie.graspway.com\/fr\/thankyou#breadcrumb"},"inLanguage":"fr-FR","potentialAction":[{"@type":"ReadAction","target":["https:\/\/www.mvp.omt.ie.graspway.com\/fr\/thankyou"]}]},{"@type":"BreadcrumbList","@id":"https:\/\/www.mvp.omt.ie.graspway.com\/fr\/thankyou#breadcrumb","itemListElement":[{"@type":"ListItem","position":1,"name":"Home","item":"https:\/\/www.mvp.omt.ie.graspway.com\/fr"},{"@type":"ListItem","position":2,"name":"Thank you"}]},{"@type":"WebSite","@id":"https:\/\/www.mvp.omt.ie.graspway.com\/#website","url":"https:\/\/www.mvp.omt.ie.graspway.com\/","name":"TOA","description":"Tourism Online Academy","potentialAction":[{"@type":"SearchAction","target":{"@type":"EntryPoint","urlTemplate":"https:\/\/www.mvp.omt.ie.graspway.com\/?s={search_term_string}"},"query-input":{"@type":"PropertyValueSpecification","valueRequired":true,"valueName":"search_term_string"}}],"inLanguage":"fr-FR"}]}},"_links":{"self":[{"href":"https:\/\/www.mvp.omt.ie.graspway.com\/fr\/wp-json\/wp\/v2\/pages\/86878","targetHints":{"allow":["GET"]}}],"collection":[{"href":"https:\/\/www.mvp.omt.ie.graspway.com\/fr\/wp-json\/wp\/v2\/pages"}],"about":[{"href":"https:\/\/www.mvp.omt.ie.graspway.com\/fr\/wp-json\/wp\/v2\/types\/page"}],"author":[{"embeddable":true,"href":"https:\/\/www.mvp.omt.ie.graspway.com\/fr\/wp-json\/wp\/v2\/users\/2"}],"replies":[{"embeddable":true,"href":"https:\/\/www.mvp.omt.ie.graspway.com\/fr\/wp-json\/wp\/v2\/comments?post=86878"}],"version-history":[{"count":5,"href":"https:\/\/www.mvp.omt.ie.graspway.com\/fr\/wp-json\/wp\/v2\/pages\/86878\/revisions"}],"predecessor-version":[{"id":87098,"href":"https:\/\/www.mvp.omt.ie.graspway.com\/fr\/wp-json\/wp\/v2\/pages\/86878\/revisions\/87098"}],"wp:attachment":[{"href":"https:\/\/www.mvp.omt.ie.graspway.com\/fr\/wp-json\/wp\/v2\/media?parent=86878"}],"curies":[{"name":"wp","href":"https:\/\/api.w.org\/{rel}","templated":true}]}}